{"id":3712,"date":"2023-07-12T14:07:20","date_gmt":"2023-07-12T12:07:20","guid":{"rendered":"https:\/\/35.205.44.62\/recherche-peppol\/"},"modified":"2024-03-13T13:37:19","modified_gmt":"2024-03-13T12:37:19","slug":"recherche-peppol","status":"publish","type":"page","link":"https:\/\/staging.nymus.be\/fr\/recherche-peppol\/","title":{"rendered":"Recherche Peppol"},"content":{"rendered":"\t\t<div data-elementor-type=\"wp-page\" data-elementor-id=\"3712\" class=\"elementor elementor-3712 elementor-1231\" data-elementor-post-type=\"page\">\n\t\t\t\t\t\t<section class=\"elementor-section elementor-top-section elementor-element elementor-element-9415db4 elementor-section-boxed elementor-section-height-default elementor-section-height-default\" data-id=\"9415db4\" data-element_type=\"section\" data-e-type=\"section\" data-settings=\"{&quot;background_background&quot;:&quot;classic&quot;,&quot;_ha_eqh_enable&quot;:false}\">\n\t\t\t\t\t\t<div class=\"elementor-container elementor-column-gap-default\">\n\t\t\t\t\t<div class=\"elementor-column elementor-col-50 elementor-top-column elementor-element elementor-element-7fd393a\" data-id=\"7fd393a\" data-element_type=\"column\" data-e-type=\"column\">\n\t\t\t<div class=\"elementor-widget-wrap elementor-element-populated\">\n\t\t\t\t\t\t<div class=\"elementor-element elementor-element-c6e86e5 elementor-widget__width-initial elementor-view-default elementor-widget elementor-widget-icon\" data-id=\"c6e86e5\" data-element_type=\"widget\" data-e-type=\"widget\" data-widget_type=\"icon.default\">\n\t\t\t\t<div class=\"elementor-widget-container\">\n\t\t\t\t\t\t\t<div class=\"elementor-icon-wrapper\">\n\t\t\t<div class=\"elementor-icon\">\n\t\t\t<svg xmlns=\"http:\/\/www.w3.org\/2000\/svg\" xmlns:xlink=\"http:\/\/www.w3.org\/1999\/xlink\" width=\"42.036\" height=\"52.191\" viewBox=\"0 0 42.036 52.191\"><defs><linearGradient id=\"linear-gradient\" x1=\"-0.128\" y1=\"1\" x2=\"1\" y2=\"1\" gradientUnits=\"objectBoundingBox\"><stop offset=\"0\" stop-color=\"#ffa04f\"><\/stop><stop offset=\"1\" stop-color=\"#ff3e36\"><\/stop><stop offset=\"1\" stop-color=\"#ff3c36\"><\/stop><\/linearGradient><\/defs><path id=\"Union_4\" data-name=\"Union 4\" d=\"M10.156,45.7l5.077-5.077h0l5.078-5.078,5.077-5.078L27.927,33l-2.538-2.539,5.078-5.077L33,22.849l-2.539,2.539L25.389,20.31h0L20.31,15.233l2.538-2.539-2.539,2.539-5.077-5.079L10.156,5.078,15.233,0l5.079,5.077h0l5.078,5.078h0l5.078,5.076,5.078,5.078h0l5.078,5.076-5.078,5.079-5.078,5.077-5.077,5.078L20.311,45.7h0l-5.078,5.078ZM0,35.544l5.077-5.078L7.616,33,5.078,30.465l5.078-5.077,2.538-2.539-2.539,2.539L5.079,20.31h0L0,15.233l5.077-5.078,5.079,5.077,5.078,5.078h0l5.078,5.076-5.078,5.079-5.078,5.077L5.078,40.622Z\" transform=\"translate(0.707 0.707)\" stroke=\"rgba(0,0,0,0)\" stroke-width=\"1\" fill=\"url(#linear-gradient)\"><\/path><\/svg>\t\t\t<\/div>\n\t\t<\/div>\n\t\t\t\t\t\t<\/div>\n\t\t\t\t<\/div>\n\t\t\t\t<div class=\"elementor-element elementor-element-9c80a44 elementor-widget__width-initial elementor-widget elementor-widget-heading\" data-id=\"9c80a44\" data-element_type=\"widget\" data-e-type=\"widget\" data-widget_type=\"heading.default\">\n\t\t\t\t<div class=\"elementor-widget-container\">\n\t\t\t\t\t<h2 class=\"elementor-heading-title elementor-size-default\">Recherche Peppol<\/h2>\t\t\t\t<\/div>\n\t\t\t\t<\/div>\n\t\t\t\t<div class=\"elementor-element elementor-element-fdd2654 elementor-widget elementor-widget-heading\" data-id=\"fdd2654\" data-element_type=\"widget\" data-e-type=\"widget\" data-widget_type=\"heading.default\">\n\t\t\t\t<div class=\"elementor-widget-container\">\n\t\t\t\t\t<h1 class=\"elementor-heading-title elementor-size-default\">Peppol lookUp<\/h1>\t\t\t\t<\/div>\n\t\t\t\t<\/div>\n\t\t\t\t<div class=\"elementor-element elementor-element-13cfdee elementor-widget elementor-widget-text-editor\" data-id=\"13cfdee\" data-element_type=\"widget\" data-e-type=\"widget\" data-widget_type=\"text-editor.default\">\n\t\t\t\t<div class=\"elementor-widget-container\">\n\t\t\t\t\t\t\t\t\t<p class=\"MsoNormal\">Utilisez l&#8217;outil de recherche Peppol pour v\u00e9rifier si votre partenaire commercial est connect\u00e9 au r\u00e9seau pour recevoir des factures \u00e9lectroniques par l&#8217;interm\u00e9diaire de Peppol.<\/p>\n\t\t\t\t\t\t\t\t<\/div>\n\t\t\t\t<\/div>\n\t\t\t\t\t<\/div>\n\t\t<\/div>\n\t\t\t\t<div class=\"elementor-column elementor-col-50 elementor-top-column elementor-element elementor-element-6bb58d7\" data-id=\"6bb58d7\" data-element_type=\"column\" data-e-type=\"column\">\n\t\t\t<div class=\"elementor-widget-wrap\">\n\t\t\t\t\t\t\t<\/div>\n\t\t<\/div>\n\t\t\t\t\t<\/div>\n\t\t<\/section>\n\t\t\t\t<section class=\"elementor-section elementor-top-section elementor-element elementor-element-e134929 elementor-section-boxed elementor-section-height-default elementor-section-height-default\" data-id=\"e134929\" data-element_type=\"section\" data-e-type=\"section\" data-settings=\"{&quot;_ha_eqh_enable&quot;:false}\">\n\t\t\t\t\t\t<div class=\"elementor-container elementor-column-gap-default\">\n\t\t\t\t\t<div class=\"elementor-column elementor-col-100 elementor-top-column elementor-element elementor-element-7a5a5fe\" data-id=\"7a5a5fe\" data-element_type=\"column\" data-e-type=\"column\">\n\t\t\t<div class=\"elementor-widget-wrap elementor-element-populated\">\n\t\t\t\t\t\t<div class=\"elementor-element elementor-element-b4cc1fc elementor-widget elementor-widget-heading\" data-id=\"b4cc1fc\" data-element_type=\"widget\" data-e-type=\"widget\" data-widget_type=\"heading.default\">\n\t\t\t\t<div class=\"elementor-widget-container\">\n\t\t\t\t\t<h2 class=\"elementor-heading-title elementor-size-default\">Saisissez le num\u00e9ro de l'entreprise et v\u00e9rifiez si votre partenaire commercial belge est membre du r\u00e9seau Peppol. <br><br>C'est aussi simple que cela ! <br><\/h2>\t\t\t\t<\/div>\n\t\t\t\t<\/div>\n\t\t\t\t<div class=\"elementor-element elementor-element-0c66f96 elementor-widget elementor-widget-html\" data-id=\"0c66f96\" data-element_type=\"widget\" data-e-type=\"widget\" data-widget_type=\"html.default\">\n\t\t\t\t<div class=\"elementor-widget-container\">\n\t\t\t\t\t<div class=\"peppol-input\">\n  <div class=\"peppol-input-inner\">\n    <input id=\"peppolInput\">\n    <button id=\"peppolButton\" onclick=\"sendRequest()\">V\u00e9rifier<\/button>\n  <\/div>\n  <div class=\"peppol-check-results\">\n    <div id=\"emptyInput\" class=\"display-none error\">\n      <div class=\"peppol-check-text\">Veuillez saisir le num\u00e9ro de TVA ou le num\u00e9ro d'enregistrement<\/div>\n    <\/div>\n    <div id=\"peppolResults\" class=\"error-margin\">\n      <div id=\"peppolCheckTrue\" class=\"display-none success\">\n        <div class=\"peppol-check-text\">Ce num\u00e9ro de TVA ou d'enregistrement peut recevoir des factures \u00e9lectroniques via Peppol.<\/div>\n      <\/div>\n      <div id=\"peppolCheckFalse\" class=\"display-none error\">\n        <div class=\"peppol-check-text\">Ce num\u00e9ro de TVA ou d'enregistrement ne peut pas recevoir de factures \u00e9lectroniques via Peppol.<\/div>\n      <\/div>\n    <\/div>\n  <\/div>\n<\/div>\n\n<script>\nfunction sendRequest() {\n  var input = document.getElementById('peppolInput').value;\n  var url = 'https:\/\/connect.optipost.eu\/v1\/gateway\/peppol\/lookup\/' + input;\n\n  if (input.trim() === '') {\n    document.getElementById('emptyInput').classList.remove('display-none');\n    document.getElementById('peppolCheckTrue').classList.add('display-none');\n    document.getElementById('peppolCheckFalse').classList.add('display-none');\n    return;\n  }\n\n  fetch(url)\n    .then(function(response) {\n      if (response.status === 200) {\n        document.getElementById('peppolCheckTrue').classList.remove('display-none');\n        document.getElementById('peppolCheckFalse').classList.add('display-none');\n        document.getElementById('emptyInput').classList.add('display-none');\n      } else if (response.status === 404) {\n        document.getElementById('peppolCheckTrue').classList.add('display-none');\n        document.getElementById('peppolCheckFalse').classList.remove('display-none');\n        document.getElementById('emptyInput').classList.add('display-none');\n      }\n    })\n    .catch(function(error) {\n      console.error('Error:', error);\n    });\n}\n\ndocument.getElementById('peppolInput').addEventListener('keydown', function(event) {\n  if (event.key === 'Enter') {\n    sendRequest();\n  }\n});\n<\/script>\n\n<style>\n  .peppol-input {\n    display: flex;\n    flex-direction: column; \/* Display items in a column *\/\n    justify-content: center; \/* Center horizontally *\/\n    align-items: center; \/* Center vertically *\/\n  }\n  .display-none {\n    display: none;\n  }\n\n  .peppol-check-text {\n    font-weight: bold; \/* Adjust the font style as needed *\/\n  }\n  .error {\n      color: red;\n  }\n  .success {\n      color: green;\n  }\n<\/style>\t\t\t\t<\/div>\n\t\t\t\t<\/div>\n\t\t\t\t\t<\/div>\n\t\t<\/div>\n\t\t\t\t\t<\/div>\n\t\t<\/section>\n\t\t\t\t<section class=\"elementor-section elementor-top-section elementor-element elementor-element-77a0359 elementor-section-boxed elementor-section-height-default elementor-section-height-default\" data-id=\"77a0359\" data-element_type=\"section\" data-e-type=\"section\" data-settings=\"{&quot;background_background&quot;:&quot;gradient&quot;,&quot;_ha_eqh_enable&quot;:false}\">\n\t\t\t\t\t\t<div class=\"elementor-container elementor-column-gap-default\">\n\t\t\t\t\t<div class=\"elementor-column elementor-col-33 elementor-top-column elementor-element elementor-element-19c266b\" data-id=\"19c266b\" data-element_type=\"column\" data-e-type=\"column\">\n\t\t\t<div class=\"elementor-widget-wrap elementor-element-populated\">\n\t\t\t\t\t\t<div class=\"elementor-element elementor-element-4904d44 elementor-widget__width-initial elementor-widget elementor-widget-image\" data-id=\"4904d44\" data-element_type=\"widget\" data-e-type=\"widget\" data-widget_type=\"image.default\">\n\t\t\t\t<div class=\"elementor-widget-container\">\n\t\t\t\t\t\t\t\t\t\t\t\t\t\t\t<img fetchpriority=\"high\" decoding=\"async\" width=\"1595\" height=\"1176\" src=\"https:\/\/staging.nymus.be\/wp-content\/uploads\/2023\/07\/Group-637@2x-crop-links.png\" class=\"attachment-full size-full wp-image-294\" alt=\"Digitale facturatie belgi\u00eb\" srcset=\"https:\/\/staging.nymus.be\/wp-content\/uploads\/2023\/07\/Group-637@2x-crop-links.png 1595w, https:\/\/staging.nymus.be\/wp-content\/uploads\/2023\/07\/Group-637@2x-crop-links-300x221.png 300w, https:\/\/staging.nymus.be\/wp-content\/uploads\/2023\/07\/Group-637@2x-crop-links-1024x755.png 1024w, https:\/\/staging.nymus.be\/wp-content\/uploads\/2023\/07\/Group-637@2x-crop-links-768x566.png 768w, https:\/\/staging.nymus.be\/wp-content\/uploads\/2023\/07\/Group-637@2x-crop-links-1536x1132.png 1536w\" sizes=\"(max-width: 1595px) 100vw, 1595px\" \/>\t\t\t\t\t\t\t\t\t\t\t\t\t\t\t<\/div>\n\t\t\t\t<\/div>\n\t\t\t\t\t<\/div>\n\t\t<\/div>\n\t\t\t\t<div class=\"elementor-column elementor-col-66 elementor-top-column elementor-element elementor-element-4ab0e63\" data-id=\"4ab0e63\" data-element_type=\"column\" data-e-type=\"column\">\n\t\t\t<div class=\"elementor-widget-wrap elementor-element-populated\">\n\t\t\t\t\t\t<div class=\"elementor-element elementor-element-9d090f3 elementor-widget elementor-widget-heading\" data-id=\"9d090f3\" data-element_type=\"widget\" data-e-type=\"widget\" data-widget_type=\"heading.default\">\n\t\t\t\t<div class=\"elementor-widget-container\">\n\t\t\t\t\t<h2 class=\"elementor-heading-title elementor-size-default\">Pour plus d'informations sur Nymus<\/h2>\t\t\t\t<\/div>\n\t\t\t\t<\/div>\n\t\t\t\t<div class=\"elementor-element elementor-element-d8ab328 elementor-mobile-align-center elementor-widget elementor-widget-button\" data-id=\"d8ab328\" data-element_type=\"widget\" data-e-type=\"widget\" data-widget_type=\"button.default\">\n\t\t\t\t<div class=\"elementor-widget-container\">\n\t\t\t\t\t\t\t\t\t<div class=\"elementor-button-wrapper\">\n\t\t\t\t\t<a class=\"elementor-button elementor-button-link elementor-size-sm\" href=\"https:\/\/staging.nymus.be\/fr\/page-de-contact\/\">\n\t\t\t\t\t\t<span class=\"elementor-button-content-wrapper\">\n\t\t\t\t\t\t\t\t\t<span class=\"elementor-button-text\">Contactez nous<\/span>\n\t\t\t\t\t<\/span>\n\t\t\t\t\t<\/a>\n\t\t\t\t<\/div>\n\t\t\t\t\t\t\t\t<\/div>\n\t\t\t\t<\/div>\n\t\t\t\t\t<\/div>\n\t\t<\/div>\n\t\t\t\t\t<\/div>\n\t\t<\/section>\n\t\t\t\t<section class=\"elementor-section elementor-top-section elementor-element elementor-element-6687bb2 elementor-section-boxed elementor-section-height-default elementor-section-height-default\" data-id=\"6687bb2\" data-element_type=\"section\" data-e-type=\"section\" data-settings=\"{&quot;_ha_eqh_enable&quot;:false}\">\n\t\t\t\t\t\t<div class=\"elementor-container elementor-column-gap-default\">\n\t\t\t\t\t<div class=\"elementor-column elementor-col-100 elementor-top-column elementor-element elementor-element-0bea516\" data-id=\"0bea516\" data-element_type=\"column\" data-e-type=\"column\">\n\t\t\t<div class=\"elementor-widget-wrap elementor-element-populated\">\n\t\t\t\t\t\t<div class=\"elementor-element elementor-element-1072714 elementor-widget__width-initial elementor-widget elementor-widget-text-editor\" data-id=\"1072714\" data-element_type=\"widget\" data-e-type=\"widget\" data-widget_type=\"text-editor.default\">\n\t\t\t\t<div class=\"elementor-widget-container\">\n\t\t\t\t\t\t\t\t\t<p>Cela ouvre un tout nouveau monde de possibilit\u00e9s !<\/p>\n<p><strong>Relations fournisseurs-client<\/strong>: Envoy\u00e9s vos factures \u00e9lectroniques directement aux point d&#8217;acc\u00e8s de vos clients<\/p>\n<p><strong>Achats efficaces<\/strong>: Vereenvoudig uw inkoopproces door inkooporders rechtstreeks naar het acces point van uw leverancier te sturen.<\/p>\n<p><strong>Efficacit\u00e9 du gouvernement<\/strong>: Les agences gouvernementales peuvent simplifier leurs op\u00e9rations en envoyant des appels d&#8217;offres directement aux points d&#8217;entr\u00e9e des fournisseurs potentiels.<\/p>\n<p><strong>Les d\u00e9clarations en douane simplifi\u00e9es<\/strong>: Soumettez en toute transparence vos d\u00e9clarations en douane au point d&#8217;acc\u00e8s de votre autorit\u00e9 douani\u00e8re.<\/p>\n\t\t\t\t\t\t\t\t<\/div>\n\t\t\t\t<\/div>\n\t\t\t\t\t<\/div>\n\t\t<\/div>\n\t\t\t\t\t<\/div>\n\t\t<\/section>\n\t\t\t\t<\/div>\n\t\t","protected":false},"excerpt":{"rendered":"<p>Recherche Peppol Peppol lookUp Utilisez l&#8217;outil de recherche Peppol pour v\u00e9rifier si votre partenaire commercial est connect\u00e9 au r\u00e9seau pour recevoir des factures \u00e9lectroniques par l&#8217;interm\u00e9diaire de Peppol. Saisissez le num\u00e9ro de l&#8217;entreprise et v\u00e9rifiez si votre partenaire commercial belge est membre du r\u00e9seau Peppol. C&#8217;est aussi simple que cela ! V\u00e9rifier Veuillez saisir le [&hellip;]<\/p>\n","protected":false},"author":3,"featured_media":0,"parent":0,"menu_order":0,"comment_status":"closed","ping_status":"closed","template":"","meta":{"footnotes":""},"class_list":["post-3712","page","type-page","status-publish","hentry"],"yoast_head":"<!-- This site is optimized with the Yoast SEO plugin v27.4 - https:\/\/yoast.com\/product\/yoast-seo-wordpress\/ -->\n<title>Recherche Peppol - Nymus<\/title>\n<meta name=\"description\" content=\"Utilisez l&#039;outil de recherche Peppol pour v\u00e9rifier si votre partenaire commercial est connect\u00e9 au r\u00e9seau Peppol.\" \/>\n<meta name=\"robots\" content=\"noindex, follow, max-snippet:-1, max-image-preview:large, max-video-preview:-1\" \/>\n<meta property=\"og:locale\" content=\"fr_FR\" \/>\n<meta property=\"og:type\" content=\"article\" \/>\n<meta property=\"og:title\" content=\"Recherche Peppol - Nymus\" \/>\n<meta property=\"og:description\" content=\"Utilisez l&#039;outil de recherche Peppol pour v\u00e9rifier si votre partenaire commercial est connect\u00e9 au r\u00e9seau Peppol.\" \/>\n<meta property=\"og:url\" content=\"https:\/\/staging.nymus.be\/peppol-lookup\/\" \/>\n<meta property=\"og:site_name\" content=\"Nymus\" \/>\n<meta property=\"article:modified_time\" content=\"2024-03-13T12:37:19+00:00\" \/>\n<meta property=\"og:image\" content=\"https:\/\/nymus.be\/wp-content\/uploads\/2023\/07\/Group-637@2x-crop-links.png\" \/>\n<meta name=\"twitter:card\" content=\"summary_large_image\" \/>\n<meta name=\"twitter:label1\" content=\"Dur\u00e9e de lecture est.\" \/>\n\t<meta name=\"twitter:data1\" content=\"2 minutes\" \/>\n<script type=\"application\/ld+json\" class=\"yoast-schema-graph\">{\"@context\":\"https:\\\/\\\/schema.org\",\"@graph\":[{\"@type\":\"WebPage\",\"@id\":\"https:\\\/\\\/staging.nymus.be\\\/peppol-lookup\\\/\",\"url\":\"https:\\\/\\\/staging.nymus.be\\\/peppol-lookup\\\/\",\"name\":\"Recherche Peppol - Nymus\",\"isPartOf\":{\"@id\":\"https:\\\/\\\/staging.nymus.be\\\/#website\"},\"primaryImageOfPage\":{\"@id\":\"https:\\\/\\\/staging.nymus.be\\\/peppol-lookup\\\/#primaryimage\"},\"image\":{\"@id\":\"https:\\\/\\\/staging.nymus.be\\\/peppol-lookup\\\/#primaryimage\"},\"thumbnailUrl\":\"https:\\\/\\\/nymus.be\\\/wp-content\\\/uploads\\\/2023\\\/07\\\/Group-637@2x-crop-links.png\",\"datePublished\":\"2023-07-12T12:07:20+00:00\",\"dateModified\":\"2024-03-13T12:37:19+00:00\",\"description\":\"Utilisez l'outil de recherche Peppol pour v\u00e9rifier si votre partenaire commercial est connect\u00e9 au r\u00e9seau Peppol.\",\"breadcrumb\":{\"@id\":\"https:\\\/\\\/staging.nymus.be\\\/peppol-lookup\\\/#breadcrumb\"},\"inLanguage\":\"fr-BE\",\"potentialAction\":[{\"@type\":\"ReadAction\",\"target\":[\"https:\\\/\\\/staging.nymus.be\\\/peppol-lookup\\\/\"]}]},{\"@type\":\"ImageObject\",\"inLanguage\":\"fr-BE\",\"@id\":\"https:\\\/\\\/staging.nymus.be\\\/peppol-lookup\\\/#primaryimage\",\"url\":\"https:\\\/\\\/nymus.be\\\/wp-content\\\/uploads\\\/2023\\\/07\\\/Group-637@2x-crop-links.png\",\"contentUrl\":\"https:\\\/\\\/nymus.be\\\/wp-content\\\/uploads\\\/2023\\\/07\\\/Group-637@2x-crop-links.png\"},{\"@type\":\"BreadcrumbList\",\"@id\":\"https:\\\/\\\/staging.nymus.be\\\/peppol-lookup\\\/#breadcrumb\",\"itemListElement\":[{\"@type\":\"ListItem\",\"position\":1,\"name\":\"Home\",\"item\":\"https:\\\/\\\/staging.nymus.be\\\/\"},{\"@type\":\"ListItem\",\"position\":2,\"name\":\"Recherche Peppol\"}]},{\"@type\":\"WebSite\",\"@id\":\"https:\\\/\\\/staging.nymus.be\\\/#website\",\"url\":\"https:\\\/\\\/staging.nymus.be\\\/\",\"name\":\"Nymus\",\"description\":\"Make the future paperless\",\"publisher\":{\"@id\":\"https:\\\/\\\/staging.nymus.be\\\/#organization\"},\"potentialAction\":[{\"@type\":\"SearchAction\",\"target\":{\"@type\":\"EntryPoint\",\"urlTemplate\":\"https:\\\/\\\/staging.nymus.be\\\/?s={search_term_string}\"},\"query-input\":{\"@type\":\"PropertyValueSpecification\",\"valueRequired\":true,\"valueName\":\"search_term_string\"}}],\"inLanguage\":\"fr-BE\"},{\"@type\":\"Organization\",\"@id\":\"https:\\\/\\\/staging.nymus.be\\\/#organization\",\"name\":\"Nymus\",\"url\":\"https:\\\/\\\/staging.nymus.be\\\/\",\"logo\":{\"@type\":\"ImageObject\",\"inLanguage\":\"fr-BE\",\"@id\":\"https:\\\/\\\/staging.nymus.be\\\/#\\\/schema\\\/logo\\\/image\\\/\",\"url\":\"https:\\\/\\\/staging.nymus.be\\\/wp-content\\\/uploads\\\/2023\\\/07\\\/nymus_logo_rgb.png\",\"contentUrl\":\"https:\\\/\\\/staging.nymus.be\\\/wp-content\\\/uploads\\\/2023\\\/07\\\/nymus_logo_rgb.png\",\"width\":842,\"height\":222,\"caption\":\"Nymus\"},\"image\":{\"@id\":\"https:\\\/\\\/staging.nymus.be\\\/#\\\/schema\\\/logo\\\/image\\\/\"},\"sameAs\":[\"https:\\\/\\\/www.linkedin.com\\\/company\\\/2587847\\\/admin\\\/?lipi=urnlipaged_flagship3_feedLMsWqCuuRCFADe8nhgbkw\"]}]}<\/script>\n<!-- \/ Yoast SEO plugin. -->","yoast_head_json":{"title":"Recherche Peppol - Nymus","description":"Utilisez l'outil de recherche Peppol pour v\u00e9rifier si votre partenaire commercial est connect\u00e9 au r\u00e9seau Peppol.","robots":{"index":"noindex","follow":"follow","max-snippet":"max-snippet:-1","max-image-preview":"max-image-preview:large","max-video-preview":"max-video-preview:-1"},"og_locale":"fr_FR","og_type":"article","og_title":"Recherche Peppol - Nymus","og_description":"Utilisez l'outil de recherche Peppol pour v\u00e9rifier si votre partenaire commercial est connect\u00e9 au r\u00e9seau Peppol.","og_url":"https:\/\/staging.nymus.be\/peppol-lookup\/","og_site_name":"Nymus","article_modified_time":"2024-03-13T12:37:19+00:00","og_image":[{"url":"https:\/\/nymus.be\/wp-content\/uploads\/2023\/07\/Group-637@2x-crop-links.png","type":"","width":"","height":""}],"twitter_card":"summary_large_image","twitter_misc":{"Dur\u00e9e de lecture est.":"2 minutes"},"schema":{"@context":"https:\/\/schema.org","@graph":[{"@type":"WebPage","@id":"https:\/\/staging.nymus.be\/peppol-lookup\/","url":"https:\/\/staging.nymus.be\/peppol-lookup\/","name":"Recherche Peppol - Nymus","isPartOf":{"@id":"https:\/\/staging.nymus.be\/#website"},"primaryImageOfPage":{"@id":"https:\/\/staging.nymus.be\/peppol-lookup\/#primaryimage"},"image":{"@id":"https:\/\/staging.nymus.be\/peppol-lookup\/#primaryimage"},"thumbnailUrl":"https:\/\/nymus.be\/wp-content\/uploads\/2023\/07\/Group-637@2x-crop-links.png","datePublished":"2023-07-12T12:07:20+00:00","dateModified":"2024-03-13T12:37:19+00:00","description":"Utilisez l'outil de recherche Peppol pour v\u00e9rifier si votre partenaire commercial est connect\u00e9 au r\u00e9seau Peppol.","breadcrumb":{"@id":"https:\/\/staging.nymus.be\/peppol-lookup\/#breadcrumb"},"inLanguage":"fr-BE","potentialAction":[{"@type":"ReadAction","target":["https:\/\/staging.nymus.be\/peppol-lookup\/"]}]},{"@type":"ImageObject","inLanguage":"fr-BE","@id":"https:\/\/staging.nymus.be\/peppol-lookup\/#primaryimage","url":"https:\/\/nymus.be\/wp-content\/uploads\/2023\/07\/Group-637@2x-crop-links.png","contentUrl":"https:\/\/nymus.be\/wp-content\/uploads\/2023\/07\/Group-637@2x-crop-links.png"},{"@type":"BreadcrumbList","@id":"https:\/\/staging.nymus.be\/peppol-lookup\/#breadcrumb","itemListElement":[{"@type":"ListItem","position":1,"name":"Home","item":"https:\/\/staging.nymus.be\/"},{"@type":"ListItem","position":2,"name":"Recherche Peppol"}]},{"@type":"WebSite","@id":"https:\/\/staging.nymus.be\/#website","url":"https:\/\/staging.nymus.be\/","name":"Nymus","description":"Make the future paperless","publisher":{"@id":"https:\/\/staging.nymus.be\/#organization"},"potentialAction":[{"@type":"SearchAction","target":{"@type":"EntryPoint","urlTemplate":"https:\/\/staging.nymus.be\/?s={search_term_string}"},"query-input":{"@type":"PropertyValueSpecification","valueRequired":true,"valueName":"search_term_string"}}],"inLanguage":"fr-BE"},{"@type":"Organization","@id":"https:\/\/staging.nymus.be\/#organization","name":"Nymus","url":"https:\/\/staging.nymus.be\/","logo":{"@type":"ImageObject","inLanguage":"fr-BE","@id":"https:\/\/staging.nymus.be\/#\/schema\/logo\/image\/","url":"https:\/\/staging.nymus.be\/wp-content\/uploads\/2023\/07\/nymus_logo_rgb.png","contentUrl":"https:\/\/staging.nymus.be\/wp-content\/uploads\/2023\/07\/nymus_logo_rgb.png","width":842,"height":222,"caption":"Nymus"},"image":{"@id":"https:\/\/staging.nymus.be\/#\/schema\/logo\/image\/"},"sameAs":["https:\/\/www.linkedin.com\/company\/2587847\/admin\/?lipi=urnlipaged_flagship3_feedLMsWqCuuRCFADe8nhgbkw"]}]}},"_links":{"self":[{"href":"https:\/\/staging.nymus.be\/fr\/wp-json\/wp\/v2\/pages\/3712","targetHints":{"allow":["GET"]}}],"collection":[{"href":"https:\/\/staging.nymus.be\/fr\/wp-json\/wp\/v2\/pages"}],"about":[{"href":"https:\/\/staging.nymus.be\/fr\/wp-json\/wp\/v2\/types\/page"}],"author":[{"embeddable":true,"href":"https:\/\/staging.nymus.be\/fr\/wp-json\/wp\/v2\/users\/3"}],"replies":[{"embeddable":true,"href":"https:\/\/staging.nymus.be\/fr\/wp-json\/wp\/v2\/comments?post=3712"}],"version-history":[{"count":9,"href":"https:\/\/staging.nymus.be\/fr\/wp-json\/wp\/v2\/pages\/3712\/revisions"}],"predecessor-version":[{"id":6360,"href":"https:\/\/staging.nymus.be\/fr\/wp-json\/wp\/v2\/pages\/3712\/revisions\/6360"}],"wp:attachment":[{"href":"https:\/\/staging.nymus.be\/fr\/wp-json\/wp\/v2\/media?parent=3712"}],"curies":[{"name":"wp","href":"https:\/\/api.w.org\/{rel}","templated":true}]}}