{"id":4094,"date":"2023-08-09T13:41:35","date_gmt":"2023-08-09T11:41:35","guid":{"rendered":"https:\/\/35.205.44.62\/rebron\/"},"modified":"2024-03-13T13:36:26","modified_gmt":"2024-03-13T12:36:26","slug":"partenaire-rebron","status":"publish","type":"page","link":"https:\/\/staging.nymus.be\/fr\/partenaire-rebron\/","title":{"rendered":"Rebron"},"content":{"rendered":"\t\t<div data-elementor-type=\"wp-page\" data-elementor-id=\"4094\" class=\"elementor elementor-4094 elementor-4080\" data-elementor-post-type=\"page\">\n\t\t\t\t\t\t<section class=\"elementor-section elementor-top-section elementor-element elementor-element-092b38c elementor-section-boxed elementor-section-height-default elementor-section-height-default\" data-id=\"092b38c\" data-element_type=\"section\" data-e-type=\"section\" data-settings=\"{&quot;_ha_eqh_enable&quot;:false}\">\n\t\t\t\t\t\t<div class=\"elementor-container elementor-column-gap-default\">\n\t\t\t\t\t<div class=\"elementor-column elementor-col-100 elementor-top-column elementor-element elementor-element-c2bb480\" data-id=\"c2bb480\" data-element_type=\"column\" data-e-type=\"column\">\n\t\t\t<div class=\"elementor-widget-wrap elementor-element-populated\">\n\t\t\t\t\t\t<div class=\"elementor-element elementor-element-f1dff8a elementor-widget elementor-widget-image\" data-id=\"f1dff8a\" data-element_type=\"widget\" data-e-type=\"widget\" data-widget_type=\"image.default\">\n\t\t\t\t<div class=\"elementor-widget-container\">\n\t\t\t\t\t\t\t\t\t\t\t\t\t\t\t<img fetchpriority=\"high\" decoding=\"async\" width=\"300\" height=\"300\" src=\"https:\/\/staging.nymus.be\/wp-content\/uploads\/2023\/08\/Rebron-300x300.jpg\" class=\"attachment-medium size-medium wp-image-4085\" alt=\"\" srcset=\"https:\/\/staging.nymus.be\/wp-content\/uploads\/2023\/08\/Rebron-300x300.jpg 300w, https:\/\/staging.nymus.be\/wp-content\/uploads\/2023\/08\/Rebron-150x150.jpg 150w, https:\/\/staging.nymus.be\/wp-content\/uploads\/2023\/08\/Rebron.jpg 768w\" sizes=\"(max-width: 300px) 100vw, 300px\" \/>\t\t\t\t\t\t\t\t\t\t\t\t\t\t\t<\/div>\n\t\t\t\t<\/div>\n\t\t\t\t\t<\/div>\n\t\t<\/div>\n\t\t\t\t\t<\/div>\n\t\t<\/section>\n\t\t\t\t<section class=\"elementor-section elementor-top-section elementor-element elementor-element-d74dbcf elementor-section-boxed elementor-section-height-default elementor-section-height-default\" data-id=\"d74dbcf\" data-element_type=\"section\" data-e-type=\"section\" data-settings=\"{&quot;_ha_eqh_enable&quot;:false}\">\n\t\t\t\t\t\t<div class=\"elementor-container elementor-column-gap-default\">\n\t\t\t\t\t<div class=\"elementor-column elementor-col-100 elementor-top-column elementor-element elementor-element-af8e226\" data-id=\"af8e226\" data-element_type=\"column\" data-e-type=\"column\">\n\t\t\t<div class=\"elementor-widget-wrap elementor-element-populated\">\n\t\t\t\t\t\t<div class=\"elementor-element elementor-element-a631aa8 elementor-widget elementor-widget-heading\" data-id=\"a631aa8\" data-element_type=\"widget\" data-e-type=\"widget\" data-widget_type=\"heading.default\">\n\t\t\t\t<div class=\"elementor-widget-container\">\n\t\t\t\t\t<h1 class=\"elementor-heading-title elementor-size-default\">Rebron VZW<\/h1>\t\t\t\t<\/div>\n\t\t\t\t<\/div>\n\t\t\t\t<div class=\"elementor-element elementor-element-2a0ed64 elementor-widget elementor-widget-text-editor\" data-id=\"2a0ed64\" data-element_type=\"widget\" data-e-type=\"widget\" data-widget_type=\"text-editor.default\">\n\t\t\t\t<div class=\"elementor-widget-container\">\n\t\t\t\t\t\t\t\t\t<p><span style=\"font-weight: 400;\">Nymus est fi\u00e8re d&#8217;\u00eatre sponsor de Rebron VZW Rebron a \u00e9t\u00e9 fond\u00e9e par Nick De Ridder et guide des jeunes d\u00e9favoris\u00e9s dans des soins sp\u00e9ciaux pour jeunes vers l&#8217;\u00e2ge adulte. <\/span><\/p>\n<\/p>\n<p>Vous souhaitez plus d&#8217;informations sur Rebron ? Cliquez ci-dessous<\/p>\n\t\t\t\t\t\t\t\t<\/div>\n\t\t\t\t<\/div>\n\t\t\t\t<div class=\"elementor-element elementor-element-93f556f elementor-align-center elementor-widget elementor-widget-button\" data-id=\"93f556f\" data-element_type=\"widget\" data-e-type=\"widget\" data-widget_type=\"button.default\">\n\t\t\t\t<div class=\"elementor-widget-container\">\n\t\t\t\t\t\t\t\t\t<div class=\"elementor-button-wrapper\">\n\t\t\t\t\t<a class=\"elementor-button elementor-button-link elementor-size-sm\" href=\"https:\/\/www.rebron.be\/\">\n\t\t\t\t\t\t<span class=\"elementor-button-content-wrapper\">\n\t\t\t\t\t\t\t\t\t<span class=\"elementor-button-text\">Clique ici<\/span>\n\t\t\t\t\t<\/span>\n\t\t\t\t\t<\/a>\n\t\t\t\t<\/div>\n\t\t\t\t\t\t\t\t<\/div>\n\t\t\t\t<\/div>\n\t\t\t\t\t<\/div>\n\t\t<\/div>\n\t\t\t\t\t<\/div>\n\t\t<\/section>\n\t\t\t\t<\/div>\n\t\t","protected":false},"excerpt":{"rendered":"<p>Rebron VZW Nymus est fi\u00e8re d&#8217;\u00eatre sponsor de Rebron VZW Rebron a \u00e9t\u00e9 fond\u00e9e par Nick De Ridder et guide des jeunes d\u00e9favoris\u00e9s dans des soins sp\u00e9ciaux pour jeunes vers l&#8217;\u00e2ge adulte. Vous souhaitez plus d&#8217;informations sur Rebron ? Cliquez ci-dessous Clique ici<\/p>\n","protected":false},"author":3,"featured_media":0,"parent":0,"menu_order":0,"comment_status":"closed","ping_status":"closed","template":"","meta":{"footnotes":""},"class_list":["post-4094","page","type-page","status-publish","hentry"],"yoast_head":"<!-- This site is optimized with the Yoast SEO plugin v27.4 - https:\/\/yoast.com\/product\/yoast-seo-wordpress\/ -->\n<title>Partenaire de Rebron<\/title>\n<meta name=\"description\" content=\"Nymus soutient son partenaire Rebron. Ils accompagnent les jeunes d\u00e9favoris\u00e9s en protection de la jeunesse, sur leur chemin vers l&#039;\u00e2ge adulte.\" \/>\n<meta name=\"robots\" content=\"noindex, follow, max-snippet:-1, max-image-preview:large, max-video-preview:-1\" \/>\n<meta property=\"og:locale\" content=\"fr_FR\" \/>\n<meta property=\"og:type\" content=\"article\" \/>\n<meta property=\"og:title\" content=\"Partenaire de Rebron\" \/>\n<meta property=\"og:description\" content=\"Nymus soutient son partenaire Rebron. Ils accompagnent les jeunes d\u00e9favoris\u00e9s en protection de la jeunesse, sur leur chemin vers l&#039;\u00e2ge adulte.\" \/>\n<meta property=\"og:url\" content=\"https:\/\/staging.nymus.be\/partner-rebron\/\" \/>\n<meta property=\"og:site_name\" content=\"Nymus\" \/>\n<meta property=\"article:modified_time\" content=\"2024-03-13T12:36:26+00:00\" \/>\n<meta property=\"og:image\" content=\"https:\/\/nymus.be\/wp-content\/uploads\/2023\/08\/Rebron-300x300.jpg\" \/>\n<meta name=\"twitter:card\" content=\"summary_large_image\" \/>\n<meta name=\"twitter:label1\" content=\"Dur\u00e9e de lecture est.\" \/>\n\t<meta name=\"twitter:data1\" content=\"1 minute\" \/>\n<script type=\"application\/ld+json\" class=\"yoast-schema-graph\">{\"@context\":\"https:\\\/\\\/schema.org\",\"@graph\":[{\"@type\":\"WebPage\",\"@id\":\"https:\\\/\\\/staging.nymus.be\\\/partner-rebron\\\/\",\"url\":\"https:\\\/\\\/staging.nymus.be\\\/partner-rebron\\\/\",\"name\":\"Partenaire de Rebron\",\"isPartOf\":{\"@id\":\"https:\\\/\\\/staging.nymus.be\\\/#website\"},\"primaryImageOfPage\":{\"@id\":\"https:\\\/\\\/staging.nymus.be\\\/partner-rebron\\\/#primaryimage\"},\"image\":{\"@id\":\"https:\\\/\\\/staging.nymus.be\\\/partner-rebron\\\/#primaryimage\"},\"thumbnailUrl\":\"https:\\\/\\\/nymus.be\\\/wp-content\\\/uploads\\\/2023\\\/08\\\/Rebron-300x300.jpg\",\"datePublished\":\"2023-08-09T11:41:35+00:00\",\"dateModified\":\"2024-03-13T12:36:26+00:00\",\"description\":\"Nymus soutient son partenaire Rebron. Ils accompagnent les jeunes d\u00e9favoris\u00e9s en protection de la jeunesse, sur leur chemin vers l'\u00e2ge adulte.\",\"breadcrumb\":{\"@id\":\"https:\\\/\\\/staging.nymus.be\\\/partner-rebron\\\/#breadcrumb\"},\"inLanguage\":\"fr-BE\",\"potentialAction\":[{\"@type\":\"ReadAction\",\"target\":[\"https:\\\/\\\/staging.nymus.be\\\/partner-rebron\\\/\"]}]},{\"@type\":\"ImageObject\",\"inLanguage\":\"fr-BE\",\"@id\":\"https:\\\/\\\/staging.nymus.be\\\/partner-rebron\\\/#primaryimage\",\"url\":\"https:\\\/\\\/nymus.be\\\/wp-content\\\/uploads\\\/2023\\\/08\\\/Rebron-300x300.jpg\",\"contentUrl\":\"https:\\\/\\\/nymus.be\\\/wp-content\\\/uploads\\\/2023\\\/08\\\/Rebron-300x300.jpg\"},{\"@type\":\"BreadcrumbList\",\"@id\":\"https:\\\/\\\/staging.nymus.be\\\/partner-rebron\\\/#breadcrumb\",\"itemListElement\":[{\"@type\":\"ListItem\",\"position\":1,\"name\":\"Home\",\"item\":\"https:\\\/\\\/staging.nymus.be\\\/\"},{\"@type\":\"ListItem\",\"position\":2,\"name\":\"Rebron\"}]},{\"@type\":\"WebSite\",\"@id\":\"https:\\\/\\\/staging.nymus.be\\\/#website\",\"url\":\"https:\\\/\\\/staging.nymus.be\\\/\",\"name\":\"Nymus\",\"description\":\"Make the future paperless\",\"publisher\":{\"@id\":\"https:\\\/\\\/staging.nymus.be\\\/#organization\"},\"potentialAction\":[{\"@type\":\"SearchAction\",\"target\":{\"@type\":\"EntryPoint\",\"urlTemplate\":\"https:\\\/\\\/staging.nymus.be\\\/?s={search_term_string}\"},\"query-input\":{\"@type\":\"PropertyValueSpecification\",\"valueRequired\":true,\"valueName\":\"search_term_string\"}}],\"inLanguage\":\"fr-BE\"},{\"@type\":\"Organization\",\"@id\":\"https:\\\/\\\/staging.nymus.be\\\/#organization\",\"name\":\"Nymus\",\"url\":\"https:\\\/\\\/staging.nymus.be\\\/\",\"logo\":{\"@type\":\"ImageObject\",\"inLanguage\":\"fr-BE\",\"@id\":\"https:\\\/\\\/staging.nymus.be\\\/#\\\/schema\\\/logo\\\/image\\\/\",\"url\":\"https:\\\/\\\/staging.nymus.be\\\/wp-content\\\/uploads\\\/2023\\\/07\\\/nymus_logo_rgb.png\",\"contentUrl\":\"https:\\\/\\\/staging.nymus.be\\\/wp-content\\\/uploads\\\/2023\\\/07\\\/nymus_logo_rgb.png\",\"width\":842,\"height\":222,\"caption\":\"Nymus\"},\"image\":{\"@id\":\"https:\\\/\\\/staging.nymus.be\\\/#\\\/schema\\\/logo\\\/image\\\/\"},\"sameAs\":[\"https:\\\/\\\/www.linkedin.com\\\/company\\\/2587847\\\/admin\\\/?lipi=urnlipaged_flagship3_feedLMsWqCuuRCFADe8nhgbkw\"]}]}<\/script>\n<!-- \/ Yoast SEO plugin. -->","yoast_head_json":{"title":"Partenaire de Rebron","description":"Nymus soutient son partenaire Rebron. Ils accompagnent les jeunes d\u00e9favoris\u00e9s en protection de la jeunesse, sur leur chemin vers l'\u00e2ge adulte.","robots":{"index":"noindex","follow":"follow","max-snippet":"max-snippet:-1","max-image-preview":"max-image-preview:large","max-video-preview":"max-video-preview:-1"},"og_locale":"fr_FR","og_type":"article","og_title":"Partenaire de Rebron","og_description":"Nymus soutient son partenaire Rebron. Ils accompagnent les jeunes d\u00e9favoris\u00e9s en protection de la jeunesse, sur leur chemin vers l'\u00e2ge adulte.","og_url":"https:\/\/staging.nymus.be\/partner-rebron\/","og_site_name":"Nymus","article_modified_time":"2024-03-13T12:36:26+00:00","og_image":[{"url":"https:\/\/nymus.be\/wp-content\/uploads\/2023\/08\/Rebron-300x300.jpg","type":"","width":"","height":""}],"twitter_card":"summary_large_image","twitter_misc":{"Dur\u00e9e de lecture est.":"1 minute"},"schema":{"@context":"https:\/\/schema.org","@graph":[{"@type":"WebPage","@id":"https:\/\/staging.nymus.be\/partner-rebron\/","url":"https:\/\/staging.nymus.be\/partner-rebron\/","name":"Partenaire de Rebron","isPartOf":{"@id":"https:\/\/staging.nymus.be\/#website"},"primaryImageOfPage":{"@id":"https:\/\/staging.nymus.be\/partner-rebron\/#primaryimage"},"image":{"@id":"https:\/\/staging.nymus.be\/partner-rebron\/#primaryimage"},"thumbnailUrl":"https:\/\/nymus.be\/wp-content\/uploads\/2023\/08\/Rebron-300x300.jpg","datePublished":"2023-08-09T11:41:35+00:00","dateModified":"2024-03-13T12:36:26+00:00","description":"Nymus soutient son partenaire Rebron. Ils accompagnent les jeunes d\u00e9favoris\u00e9s en protection de la jeunesse, sur leur chemin vers l'\u00e2ge adulte.","breadcrumb":{"@id":"https:\/\/staging.nymus.be\/partner-rebron\/#breadcrumb"},"inLanguage":"fr-BE","potentialAction":[{"@type":"ReadAction","target":["https:\/\/staging.nymus.be\/partner-rebron\/"]}]},{"@type":"ImageObject","inLanguage":"fr-BE","@id":"https:\/\/staging.nymus.be\/partner-rebron\/#primaryimage","url":"https:\/\/nymus.be\/wp-content\/uploads\/2023\/08\/Rebron-300x300.jpg","contentUrl":"https:\/\/nymus.be\/wp-content\/uploads\/2023\/08\/Rebron-300x300.jpg"},{"@type":"BreadcrumbList","@id":"https:\/\/staging.nymus.be\/partner-rebron\/#breadcrumb","itemListElement":[{"@type":"ListItem","position":1,"name":"Home","item":"https:\/\/staging.nymus.be\/"},{"@type":"ListItem","position":2,"name":"Rebron"}]},{"@type":"WebSite","@id":"https:\/\/staging.nymus.be\/#website","url":"https:\/\/staging.nymus.be\/","name":"Nymus","description":"Make the future paperless","publisher":{"@id":"https:\/\/staging.nymus.be\/#organization"},"potentialAction":[{"@type":"SearchAction","target":{"@type":"EntryPoint","urlTemplate":"https:\/\/staging.nymus.be\/?s={search_term_string}"},"query-input":{"@type":"PropertyValueSpecification","valueRequired":true,"valueName":"search_term_string"}}],"inLanguage":"fr-BE"},{"@type":"Organization","@id":"https:\/\/staging.nymus.be\/#organization","name":"Nymus","url":"https:\/\/staging.nymus.be\/","logo":{"@type":"ImageObject","inLanguage":"fr-BE","@id":"https:\/\/staging.nymus.be\/#\/schema\/logo\/image\/","url":"https:\/\/staging.nymus.be\/wp-content\/uploads\/2023\/07\/nymus_logo_rgb.png","contentUrl":"https:\/\/staging.nymus.be\/wp-content\/uploads\/2023\/07\/nymus_logo_rgb.png","width":842,"height":222,"caption":"Nymus"},"image":{"@id":"https:\/\/staging.nymus.be\/#\/schema\/logo\/image\/"},"sameAs":["https:\/\/www.linkedin.com\/company\/2587847\/admin\/?lipi=urnlipaged_flagship3_feedLMsWqCuuRCFADe8nhgbkw"]}]}},"_links":{"self":[{"href":"https:\/\/staging.nymus.be\/fr\/wp-json\/wp\/v2\/pages\/4094","targetHints":{"allow":["GET"]}}],"collection":[{"href":"https:\/\/staging.nymus.be\/fr\/wp-json\/wp\/v2\/pages"}],"about":[{"href":"https:\/\/staging.nymus.be\/fr\/wp-json\/wp\/v2\/types\/page"}],"author":[{"embeddable":true,"href":"https:\/\/staging.nymus.be\/fr\/wp-json\/wp\/v2\/users\/3"}],"replies":[{"embeddable":true,"href":"https:\/\/staging.nymus.be\/fr\/wp-json\/wp\/v2\/comments?post=4094"}],"version-history":[{"count":6,"href":"https:\/\/staging.nymus.be\/fr\/wp-json\/wp\/v2\/pages\/4094\/revisions"}],"predecessor-version":[{"id":6354,"href":"https:\/\/staging.nymus.be\/fr\/wp-json\/wp\/v2\/pages\/4094\/revisions\/6354"}],"wp:attachment":[{"href":"https:\/\/staging.nymus.be\/fr\/wp-json\/wp\/v2\/media?parent=4094"}],"curies":[{"name":"wp","href":"https:\/\/api.w.org\/{rel}","templated":true}]}}